{"id":10854,"date":"2023-12-04T12:49:45","date_gmt":"2023-12-04T12:49:45","guid":{"rendered":"https:\/\/sumptuous-events.com\/?page_id=10854"},"modified":"2025-11-19T14:29:56","modified_gmt":"2025-11-19T14:29:56","slug":"paris-wedding-planner","status":"publish","type":"page","link":"https:\/\/sumptuous-events.com\/fr\/paris-wedding-planner\/","title":{"rendered":"Organisateur de mariage \u00e0 Paris"},"content":{"rendered":"","protected":false},"excerpt":{"rendered":"","protected":false},"author":6,"featured_media":0,"parent":0,"menu_order":0,"comment_status":"closed","ping_status":"closed","template":"template-parts\/page-services-lake-como.php","meta":{"_acf_changed":false,"footnotes":""},"class_list":["post-10854","page","type-page","status-publish","hentry"],"acf":[],"yoast_head":"<!-- This site is optimized with the Yoast SEO Premium plugin v27.1 (Yoast SEO v27.3) - https:\/\/yoast.com\/product\/yoast-seo-premium-wordpress\/ -->\n<title>Luxury Wedding Planner Paris (France) - 1st Luxury Event Planner<\/title>\n<meta name=\"description\" content=\"Our Luxury wedding planners in Paris craft unforgettable memories for your special day. Enquire now and trust our luxury event planners in Paris.\" \/>\n<meta name=\"robots\" content=\"index, follow, max-snippet:-1, max-image-preview:large, max-video-preview:-1\" \/>\n<link rel=\"canonical\" href=\"https:\/\/sumptuous-events.com\/fr\/paris-wedding-planner\/\" \/>\n<meta property=\"og:locale\" content=\"fr_FR\" \/>\n<meta property=\"og:type\" content=\"article\" \/>\n<meta property=\"og:title\" content=\"Paris Wedding Planner\" \/>\n<meta property=\"og:description\" content=\"Our Luxury wedding planners in Paris craft unforgettable memories for your special day. Enquire now and trust our luxury event planners in Paris.\" \/>\n<meta property=\"og:url\" content=\"https:\/\/sumptuous-events.com\/fr\/paris-wedding-planner\/\" \/>\n<meta property=\"og:site_name\" content=\"Sumptuous Events\" \/>\n<meta property=\"article:publisher\" content=\"https:\/\/fr-fr.facebook.com\/pages\/category\/Product-Service\/Jean-Charles-vaneck-2124681674249472\/\" \/>\n<meta property=\"article:modified_time\" content=\"2025-11-19T14:29:56+00:00\" \/>\n<meta name=\"twitter:card\" content=\"summary_large_image\" \/>\n<script type=\"application\/ld+json\" class=\"yoast-schema-graph\">{\"@context\":\"https:\\\/\\\/schema.org\",\"@graph\":[{\"@type\":\"WebPage\",\"@id\":\"https:\\\/\\\/sumptuous-events.com\\\/paris-wedding-planner\\\/\",\"url\":\"https:\\\/\\\/sumptuous-events.com\\\/paris-wedding-planner\\\/\",\"name\":\"Luxury Wedding Planner Paris (France) - 1st Luxury Event Planner\",\"isPartOf\":{\"@id\":\"https:\\\/\\\/sumptuous-events.com\\\/fr\\\/#website\"},\"datePublished\":\"2023-12-04T12:49:45+00:00\",\"dateModified\":\"2025-11-19T14:29:56+00:00\",\"description\":\"Our Luxury wedding planners in Paris craft unforgettable memories for your special day. Enquire now and trust our luxury event planners in Paris.\",\"breadcrumb\":{\"@id\":\"https:\\\/\\\/sumptuous-events.com\\\/paris-wedding-planner\\\/#breadcrumb\"},\"inLanguage\":\"fr-FR\",\"potentialAction\":[{\"@type\":\"ReadAction\",\"target\":[\"https:\\\/\\\/sumptuous-events.com\\\/paris-wedding-planner\\\/\"]}]},{\"@type\":\"BreadcrumbList\",\"@id\":\"https:\\\/\\\/sumptuous-events.com\\\/paris-wedding-planner\\\/#breadcrumb\",\"itemListElement\":[{\"@type\":\"ListItem\",\"position\":1,\"name\":\"Home\",\"item\":\"https:\\\/\\\/sumptuous-events.com\\\/\"},{\"@type\":\"ListItem\",\"position\":2,\"name\":\"Paris Wedding Planner\"}]},{\"@type\":\"WebSite\",\"@id\":\"https:\\\/\\\/sumptuous-events.com\\\/fr\\\/#website\",\"url\":\"https:\\\/\\\/sumptuous-events.com\\\/fr\\\/\",\"name\":\"Sumptuous Events\",\"description\":\"Luxury Paris Wedding Planner\",\"publisher\":{\"@id\":\"https:\\\/\\\/sumptuous-events.com\\\/fr\\\/#organization\"},\"potentialAction\":[{\"@type\":\"SearchAction\",\"target\":{\"@type\":\"EntryPoint\",\"urlTemplate\":\"https:\\\/\\\/sumptuous-events.com\\\/fr\\\/?s={search_term_string}\"},\"query-input\":{\"@type\":\"PropertyValueSpecification\",\"valueRequired\":true,\"valueName\":\"search_term_string\"}}],\"inLanguage\":\"fr-FR\"},{\"@type\":\"Organization\",\"@id\":\"https:\\\/\\\/sumptuous-events.com\\\/fr\\\/#organization\",\"name\":\"Sumptuous Events\",\"url\":\"https:\\\/\\\/sumptuous-events.com\\\/fr\\\/\",\"logo\":{\"@type\":\"ImageObject\",\"inLanguage\":\"fr-FR\",\"@id\":\"https:\\\/\\\/sumptuous-events.com\\\/fr\\\/#\\\/schema\\\/logo\\\/image\\\/\",\"url\":\"https:\\\/\\\/sumptuous-events.com\\\/wp-content\\\/uploads\\\/2019\\\/10\\\/sumptuous-events-logo.png\",\"contentUrl\":\"https:\\\/\\\/sumptuous-events.com\\\/wp-content\\\/uploads\\\/2019\\\/10\\\/sumptuous-events-logo.png\",\"width\":2000,\"height\":640,\"caption\":\"Sumptuous Events\"},\"image\":{\"@id\":\"https:\\\/\\\/sumptuous-events.com\\\/fr\\\/#\\\/schema\\\/logo\\\/image\\\/\"},\"sameAs\":[\"https:\\\/\\\/fr-fr.facebook.com\\\/pages\\\/category\\\/Product-Service\\\/Jean-Charles-vaneck-2124681674249472\\\/\",\"https:\\\/\\\/www.instagram.com\\\/jean_charles_vaneck\\\/?hl=fr\",\"https:\\\/\\\/fr.linkedin.com\\\/in\\\/jeancharlesvaneck\"]}]}<\/script>\n<!-- \/ Yoast SEO Premium plugin. -->","yoast_head_json":{"title":"Luxury Wedding Planner Paris (France) - 1er organisateur d'\u00e9v\u00e9nements de luxe","description":"Nos organisateurs de mariage de luxe \u00e0 Paris cr\u00e9ent des souvenirs inoubliables pour votre journ\u00e9e sp\u00e9ciale. Demandez une offre d\u00e8s maintenant et faites confiance \u00e0 nos organisateurs d'\u00e9v\u00e9nements de luxe \u00e0 Paris.","robots":{"index":"index","follow":"follow","max-snippet":"max-snippet:-1","max-image-preview":"max-image-preview:large","max-video-preview":"max-video-preview:-1"},"canonical":"https:\/\/sumptuous-events.com\/fr\/paris-wedding-planner\/","og_locale":"fr_FR","og_type":"article","og_title":"Paris Wedding Planner","og_description":"Our Luxury wedding planners in Paris craft unforgettable memories for your special day. Enquire now and trust our luxury event planners in Paris.","og_url":"https:\/\/sumptuous-events.com\/fr\/paris-wedding-planner\/","og_site_name":"Sumptuous Events","article_publisher":"https:\/\/fr-fr.facebook.com\/pages\/category\/Product-Service\/Jean-Charles-vaneck-2124681674249472\/","article_modified_time":"2025-11-19T14:29:56+00:00","twitter_card":"summary_large_image","schema":{"@context":"https:\/\/schema.org","@graph":[{"@type":"WebPage","@id":"https:\/\/sumptuous-events.com\/paris-wedding-planner\/","url":"https:\/\/sumptuous-events.com\/paris-wedding-planner\/","name":"Luxury Wedding Planner Paris (France) - 1er organisateur d'\u00e9v\u00e9nements de luxe","isPartOf":{"@id":"https:\/\/sumptuous-events.com\/fr\/#website"},"datePublished":"2023-12-04T12:49:45+00:00","dateModified":"2025-11-19T14:29:56+00:00","description":"Nos organisateurs de mariage de luxe \u00e0 Paris cr\u00e9ent des souvenirs inoubliables pour votre journ\u00e9e sp\u00e9ciale. Demandez une offre d\u00e8s maintenant et faites confiance \u00e0 nos organisateurs d'\u00e9v\u00e9nements de luxe \u00e0 Paris.","breadcrumb":{"@id":"https:\/\/sumptuous-events.com\/paris-wedding-planner\/#breadcrumb"},"inLanguage":"fr-FR","potentialAction":[{"@type":"ReadAction","target":["https:\/\/sumptuous-events.com\/paris-wedding-planner\/"]}]},{"@type":"BreadcrumbList","@id":"https:\/\/sumptuous-events.com\/paris-wedding-planner\/#breadcrumb","itemListElement":[{"@type":"ListItem","position":1,"name":"Home","item":"https:\/\/sumptuous-events.com\/"},{"@type":"ListItem","position":2,"name":"Paris Wedding Planner"}]},{"@type":"WebSite","@id":"https:\/\/sumptuous-events.com\/fr\/#website","url":"https:\/\/sumptuous-events.com\/fr\/","name":"Sumptuous Events Paris - Wedding planner de luxe en France","description":"Organisateur de mariages de luxe \u00e0 Paris","publisher":{"@id":"https:\/\/sumptuous-events.com\/fr\/#organization"},"potentialAction":[{"@type":"SearchAction","target":{"@type":"EntryPoint","urlTemplate":"https:\/\/sumptuous-events.com\/fr\/?s={search_term_string}"},"query-input":{"@type":"PropertyValueSpecification","valueRequired":true,"valueName":"search_term_string"}}],"inLanguage":"fr-FR"},{"@type":"Organization","@id":"https:\/\/sumptuous-events.com\/fr\/#organization","name":"Sumptuous Events Paris - Wedding planner de luxe en France","url":"https:\/\/sumptuous-events.com\/fr\/","logo":{"@type":"ImageObject","inLanguage":"fr-FR","@id":"https:\/\/sumptuous-events.com\/fr\/#\/schema\/logo\/image\/","url":"https:\/\/sumptuous-events.com\/wp-content\/uploads\/2019\/10\/sumptuous-events-logo.png","contentUrl":"https:\/\/sumptuous-events.com\/wp-content\/uploads\/2019\/10\/sumptuous-events-logo.png","width":2000,"height":640,"caption":"Sumptuous Events"},"image":{"@id":"https:\/\/sumptuous-events.com\/fr\/#\/schema\/logo\/image\/"},"sameAs":["https:\/\/fr-fr.facebook.com\/pages\/category\/Product-Service\/Jean-Charles-vaneck-2124681674249472\/","https:\/\/www.instagram.com\/jean_charles_vaneck\/?hl=fr","https:\/\/fr.linkedin.com\/in\/jeancharlesvaneck"]}]}},"_links":{"self":[{"href":"https:\/\/sumptuous-events.com\/fr\/wp-json\/wp\/v2\/pages\/10854","targetHints":{"allow":["GET"]}}],"collection":[{"href":"https:\/\/sumptuous-events.com\/fr\/wp-json\/wp\/v2\/pages"}],"about":[{"href":"https:\/\/sumptuous-events.com\/fr\/wp-json\/wp\/v2\/types\/page"}],"author":[{"embeddable":true,"href":"https:\/\/sumptuous-events.com\/fr\/wp-json\/wp\/v2\/users\/6"}],"replies":[{"embeddable":true,"href":"https:\/\/sumptuous-events.com\/fr\/wp-json\/wp\/v2\/comments?post=10854"}],"version-history":[{"count":51,"href":"https:\/\/sumptuous-events.com\/fr\/wp-json\/wp\/v2\/pages\/10854\/revisions"}],"predecessor-version":[{"id":11186,"href":"https:\/\/sumptuous-events.com\/fr\/wp-json\/wp\/v2\/pages\/10854\/revisions\/11186"}],"wp:attachment":[{"href":"https:\/\/sumptuous-events.com\/fr\/wp-json\/wp\/v2\/media?parent=10854"}],"curies":[{"name":"wp","href":"https:\/\/api.w.org\/{rel}","templated":true}]}}