{"id":10945,"date":"2024-01-20T02:37:00","date_gmt":"2024-01-20T02:37:00","guid":{"rendered":"https:\/\/sumptuous-events.com\/?page_id=10945"},"modified":"2025-11-19T11:15:49","modified_gmt":"2025-11-19T11:15:49","slug":"lake-como-wedding-planner","status":"publish","type":"page","link":"https:\/\/sumptuous-events.com\/fr\/lake-como-wedding-planner\/","title":{"rendered":"Organisateur de mariages au lac de C\u00f4me"},"content":{"rendered":"","protected":false},"excerpt":{"rendered":"","protected":false},"author":6,"featured_media":0,"parent":0,"menu_order":0,"comment_status":"closed","ping_status":"closed","template":"template-parts\/page-services-lake-como.php","meta":{"_acf_changed":false,"footnotes":""},"class_list":["post-10945","page","type-page","status-publish","hentry"],"acf":[],"yoast_head":"<!-- This site is optimized with the Yoast SEO Premium plugin v27.1 (Yoast SEO v27.4) - https:\/\/yoast.com\/product\/yoast-seo-premium-wordpress\/ -->\n<title>Lake Como Luxury wedding planner | Sumptuous Events<\/title>\n<meta name=\"description\" content=\"Elevate your dream destination wedding at Lake Como with our expert planner. From breathtaking venues to seamless details, create timeless memories.\" \/>\n<meta name=\"robots\" content=\"index, follow, max-snippet:-1, max-image-preview:large, max-video-preview:-1\" \/>\n<link rel=\"canonical\" href=\"https:\/\/sumptuous-events.com\/fr\/lake-como-wedding-planner\/\" \/>\n<meta property=\"og:locale\" content=\"fr_FR\" \/>\n<meta property=\"og:type\" content=\"article\" \/>\n<meta property=\"og:title\" content=\"Lake Como Wedding Planner\" \/>\n<meta property=\"og:description\" content=\"Elevate your dream destination wedding at Lake Como with our expert planner. From breathtaking venues to seamless details, create timeless memories.\" \/>\n<meta property=\"og:url\" content=\"https:\/\/sumptuous-events.com\/fr\/lake-como-wedding-planner\/\" \/>\n<meta property=\"og:site_name\" content=\"Sumptuous Events\" \/>\n<meta property=\"article:publisher\" content=\"https:\/\/fr-fr.facebook.com\/pages\/category\/Product-Service\/Jean-Charles-vaneck-2124681674249472\/\" \/>\n<meta property=\"article:modified_time\" content=\"2025-11-19T11:15:49+00:00\" \/>\n<meta name=\"twitter:card\" content=\"summary_large_image\" \/>\n<script type=\"application\/ld+json\" class=\"yoast-schema-graph\">{\"@context\":\"https:\\\/\\\/schema.org\",\"@graph\":[{\"@type\":\"WebPage\",\"@id\":\"https:\\\/\\\/sumptuous-events.com\\\/lake-como-wedding-planner\\\/\",\"url\":\"https:\\\/\\\/sumptuous-events.com\\\/lake-como-wedding-planner\\\/\",\"name\":\"Lake Como Luxury wedding planner | Sumptuous Events\",\"isPartOf\":{\"@id\":\"https:\\\/\\\/sumptuous-events.com\\\/fr\\\/#website\"},\"datePublished\":\"2024-01-20T02:37:00+00:00\",\"dateModified\":\"2025-11-19T11:15:49+00:00\",\"description\":\"Elevate your dream destination wedding at Lake Como with our expert planner. From breathtaking venues to seamless details, create timeless memories.\",\"breadcrumb\":{\"@id\":\"https:\\\/\\\/sumptuous-events.com\\\/lake-como-wedding-planner\\\/#breadcrumb\"},\"inLanguage\":\"fr-FR\",\"potentialAction\":[{\"@type\":\"ReadAction\",\"target\":[\"https:\\\/\\\/sumptuous-events.com\\\/lake-como-wedding-planner\\\/\"]}]},{\"@type\":\"BreadcrumbList\",\"@id\":\"https:\\\/\\\/sumptuous-events.com\\\/lake-como-wedding-planner\\\/#breadcrumb\",\"itemListElement\":[{\"@type\":\"ListItem\",\"position\":1,\"name\":\"Home\",\"item\":\"https:\\\/\\\/sumptuous-events.com\\\/\"},{\"@type\":\"ListItem\",\"position\":2,\"name\":\"Lake Como Wedding Planner\"}]},{\"@type\":\"WebSite\",\"@id\":\"https:\\\/\\\/sumptuous-events.com\\\/fr\\\/#website\",\"url\":\"https:\\\/\\\/sumptuous-events.com\\\/fr\\\/\",\"name\":\"Sumptuous Events\",\"description\":\"Luxury Paris Wedding Planner\",\"publisher\":{\"@id\":\"https:\\\/\\\/sumptuous-events.com\\\/fr\\\/#organization\"},\"potentialAction\":[{\"@type\":\"SearchAction\",\"target\":{\"@type\":\"EntryPoint\",\"urlTemplate\":\"https:\\\/\\\/sumptuous-events.com\\\/fr\\\/?s={search_term_string}\"},\"query-input\":{\"@type\":\"PropertyValueSpecification\",\"valueRequired\":true,\"valueName\":\"search_term_string\"}}],\"inLanguage\":\"fr-FR\"},{\"@type\":\"Organization\",\"@id\":\"https:\\\/\\\/sumptuous-events.com\\\/fr\\\/#organization\",\"name\":\"Sumptuous Events\",\"url\":\"https:\\\/\\\/sumptuous-events.com\\\/fr\\\/\",\"logo\":{\"@type\":\"ImageObject\",\"inLanguage\":\"fr-FR\",\"@id\":\"https:\\\/\\\/sumptuous-events.com\\\/fr\\\/#\\\/schema\\\/logo\\\/image\\\/\",\"url\":\"https:\\\/\\\/sumptuous-events.com\\\/wp-content\\\/uploads\\\/2019\\\/10\\\/sumptuous-events-logo.png\",\"contentUrl\":\"https:\\\/\\\/sumptuous-events.com\\\/wp-content\\\/uploads\\\/2019\\\/10\\\/sumptuous-events-logo.png\",\"width\":2000,\"height\":640,\"caption\":\"Sumptuous Events\"},\"image\":{\"@id\":\"https:\\\/\\\/sumptuous-events.com\\\/fr\\\/#\\\/schema\\\/logo\\\/image\\\/\"},\"sameAs\":[\"https:\\\/\\\/fr-fr.facebook.com\\\/pages\\\/category\\\/Product-Service\\\/Jean-Charles-vaneck-2124681674249472\\\/\",\"https:\\\/\\\/www.instagram.com\\\/jean_charles_vaneck\\\/?hl=fr\",\"https:\\\/\\\/fr.linkedin.com\\\/in\\\/jeancharlesvaneck\"]}]}<\/script>\n<!-- \/ Yoast SEO Premium plugin. -->","yoast_head_json":{"title":"Lac de C\u00f4me Organisateur de mariages de luxe | Sumptuous Events","description":"Avec notre expert en organisation de mariage, vous pouvez r\u00e9aliser le mariage de vos r\u00eaves sur le lac de C\u00f4me. Des lieux \u00e0 couper le souffle aux d\u00e9tails impeccables, cr\u00e9ez des souvenirs intemporels.","robots":{"index":"index","follow":"follow","max-snippet":"max-snippet:-1","max-image-preview":"max-image-preview:large","max-video-preview":"max-video-preview:-1"},"canonical":"https:\/\/sumptuous-events.com\/fr\/lake-como-wedding-planner\/","og_locale":"fr_FR","og_type":"article","og_title":"Lake Como Wedding Planner","og_description":"Elevate your dream destination wedding at Lake Como with our expert planner. From breathtaking venues to seamless details, create timeless memories.","og_url":"https:\/\/sumptuous-events.com\/fr\/lake-como-wedding-planner\/","og_site_name":"Sumptuous Events","article_publisher":"https:\/\/fr-fr.facebook.com\/pages\/category\/Product-Service\/Jean-Charles-vaneck-2124681674249472\/","article_modified_time":"2025-11-19T11:15:49+00:00","twitter_card":"summary_large_image","schema":{"@context":"https:\/\/schema.org","@graph":[{"@type":"WebPage","@id":"https:\/\/sumptuous-events.com\/lake-como-wedding-planner\/","url":"https:\/\/sumptuous-events.com\/lake-como-wedding-planner\/","name":"Lac de C\u00f4me Organisateur de mariages de luxe | Sumptuous Events","isPartOf":{"@id":"https:\/\/sumptuous-events.com\/fr\/#website"},"datePublished":"2024-01-20T02:37:00+00:00","dateModified":"2025-11-19T11:15:49+00:00","description":"Avec notre expert en organisation de mariage, vous pouvez r\u00e9aliser le mariage de vos r\u00eaves sur le lac de C\u00f4me. Des lieux \u00e0 couper le souffle aux d\u00e9tails impeccables, cr\u00e9ez des souvenirs intemporels.","breadcrumb":{"@id":"https:\/\/sumptuous-events.com\/lake-como-wedding-planner\/#breadcrumb"},"inLanguage":"fr-FR","potentialAction":[{"@type":"ReadAction","target":["https:\/\/sumptuous-events.com\/lake-como-wedding-planner\/"]}]},{"@type":"BreadcrumbList","@id":"https:\/\/sumptuous-events.com\/lake-como-wedding-planner\/#breadcrumb","itemListElement":[{"@type":"ListItem","position":1,"name":"Home","item":"https:\/\/sumptuous-events.com\/"},{"@type":"ListItem","position":2,"name":"Lake Como Wedding Planner"}]},{"@type":"WebSite","@id":"https:\/\/sumptuous-events.com\/fr\/#website","url":"https:\/\/sumptuous-events.com\/fr\/","name":"Sumptuous Events Paris - Wedding planner de luxe en France","description":"Organisateur de mariages de luxe \u00e0 Paris","publisher":{"@id":"https:\/\/sumptuous-events.com\/fr\/#organization"},"potentialAction":[{"@type":"SearchAction","target":{"@type":"EntryPoint","urlTemplate":"https:\/\/sumptuous-events.com\/fr\/?s={search_term_string}"},"query-input":{"@type":"PropertyValueSpecification","valueRequired":true,"valueName":"search_term_string"}}],"inLanguage":"fr-FR"},{"@type":"Organization","@id":"https:\/\/sumptuous-events.com\/fr\/#organization","name":"Sumptuous Events Paris - Wedding planner de luxe en France","url":"https:\/\/sumptuous-events.com\/fr\/","logo":{"@type":"ImageObject","inLanguage":"fr-FR","@id":"https:\/\/sumptuous-events.com\/fr\/#\/schema\/logo\/image\/","url":"https:\/\/sumptuous-events.com\/wp-content\/uploads\/2019\/10\/sumptuous-events-logo.png","contentUrl":"https:\/\/sumptuous-events.com\/wp-content\/uploads\/2019\/10\/sumptuous-events-logo.png","width":2000,"height":640,"caption":"Sumptuous Events"},"image":{"@id":"https:\/\/sumptuous-events.com\/fr\/#\/schema\/logo\/image\/"},"sameAs":["https:\/\/fr-fr.facebook.com\/pages\/category\/Product-Service\/Jean-Charles-vaneck-2124681674249472\/","https:\/\/www.instagram.com\/jean_charles_vaneck\/?hl=fr","https:\/\/fr.linkedin.com\/in\/jeancharlesvaneck"]}]}},"_links":{"self":[{"href":"https:\/\/sumptuous-events.com\/fr\/wp-json\/wp\/v2\/pages\/10945","targetHints":{"allow":["GET"]}}],"collection":[{"href":"https:\/\/sumptuous-events.com\/fr\/wp-json\/wp\/v2\/pages"}],"about":[{"href":"https:\/\/sumptuous-events.com\/fr\/wp-json\/wp\/v2\/types\/page"}],"author":[{"embeddable":true,"href":"https:\/\/sumptuous-events.com\/fr\/wp-json\/wp\/v2\/users\/6"}],"replies":[{"embeddable":true,"href":"https:\/\/sumptuous-events.com\/fr\/wp-json\/wp\/v2\/comments?post=10945"}],"version-history":[{"count":36,"href":"https:\/\/sumptuous-events.com\/fr\/wp-json\/wp\/v2\/pages\/10945\/revisions"}],"predecessor-version":[{"id":12384,"href":"https:\/\/sumptuous-events.com\/fr\/wp-json\/wp\/v2\/pages\/10945\/revisions\/12384"}],"wp:attachment":[{"href":"https:\/\/sumptuous-events.com\/fr\/wp-json\/wp\/v2\/media?parent=10945"}],"curies":[{"name":"wp","href":"https:\/\/api.w.org\/{rel}","templated":true}]}}