{"id":22,"date":"2019-01-27T17:04:34","date_gmt":"2019-01-27T17:04:34","guid":{"rendered":"http:\/\/sump.matthewhorne.me\/?page_id=22"},"modified":"2025-11-19T14:46:23","modified_gmt":"2025-11-19T14:46:23","slug":"home","status":"publish","type":"page","link":"https:\/\/sumptuous-events.com\/fr\/","title":{"rendered":"Organisateur de mariage \u00e0 Paris"},"content":{"rendered":"","protected":false},"excerpt":{"rendered":"","protected":false},"author":6,"featured_media":0,"parent":0,"menu_order":0,"comment_status":"closed","ping_status":"closed","template":"template-parts\/content-front.php","meta":{"_acf_changed":false,"footnotes":""},"class_list":["post-22","page","type-page","status-publish","hentry"],"acf":[],"yoast_head":"<!-- This site is optimized with the Yoast SEO Premium plugin v27.1 (Yoast SEO v27.4) - https:\/\/yoast.com\/product\/yoast-seo-premium-wordpress\/ -->\n<title>Luxury Wedding Planner Paris (#1 Most influential) - Sumptuous Events<\/title>\n<meta name=\"description\" content=\"Sumptuous Events Paris - leading Luxury Wedding Planner Paris provides luxury event production, wedding planning services and floral design.\" \/>\n<meta name=\"robots\" content=\"index, follow, max-snippet:-1, max-image-preview:large, max-video-preview:-1\" \/>\n<link rel=\"canonical\" href=\"https:\/\/sumptuous-events.com\/fr\/\" \/>\n<meta property=\"og:locale\" content=\"fr_FR\" \/>\n<meta property=\"og:type\" content=\"article\" \/>\n<meta property=\"og:title\" content=\"Paris Wedding Planner\" \/>\n<meta property=\"og:description\" content=\"Sumptuous Events Paris - leading Luxury Wedding Planner Paris provides luxury event production, wedding planning services and floral design.\" \/>\n<meta property=\"og:url\" content=\"https:\/\/sumptuous-events.com\/fr\/\" \/>\n<meta property=\"og:site_name\" content=\"Sumptuous Events\" \/>\n<meta property=\"article:publisher\" content=\"https:\/\/fr-fr.facebook.com\/pages\/category\/Product-Service\/Jean-Charles-vaneck-2124681674249472\/\" \/>\n<meta property=\"article:modified_time\" content=\"2025-11-19T14:46:23+00:00\" \/>\n<meta name=\"twitter:card\" content=\"summary_large_image\" \/>\n<script type=\"application\/ld+json\" class=\"yoast-schema-graph\">{\"@context\":\"https:\\\/\\\/schema.org\",\"@graph\":[{\"@type\":\"WebPage\",\"@id\":\"https:\\\/\\\/sumptuous-events.com\\\/\",\"url\":\"https:\\\/\\\/sumptuous-events.com\\\/\",\"name\":\"Luxury Wedding Planner Paris (#1 Most influential) - Sumptuous Events\",\"isPartOf\":{\"@id\":\"https:\\\/\\\/sumptuous-events.com\\\/fr\\\/#website\"},\"datePublished\":\"2019-01-27T17:04:34+00:00\",\"dateModified\":\"2025-11-19T14:46:23+00:00\",\"description\":\"Sumptuous Events Paris - leading Luxury Wedding Planner Paris provides luxury event production, wedding planning services and floral design.\",\"breadcrumb\":{\"@id\":\"https:\\\/\\\/sumptuous-events.com\\\/#breadcrumb\"},\"inLanguage\":\"fr-FR\",\"potentialAction\":[{\"@type\":\"ReadAction\",\"target\":[\"https:\\\/\\\/sumptuous-events.com\\\/\"]}]},{\"@type\":\"BreadcrumbList\",\"@id\":\"https:\\\/\\\/sumptuous-events.com\\\/#breadcrumb\",\"itemListElement\":[{\"@type\":\"ListItem\",\"position\":1,\"name\":\"Home\",\"item\":\"https:\\\/\\\/sumptuous-events.com\\\/\"},{\"@type\":\"ListItem\",\"position\":2,\"name\":\"Paris Wedding Planner\"}]},{\"@type\":\"WebSite\",\"@id\":\"https:\\\/\\\/sumptuous-events.com\\\/fr\\\/#website\",\"url\":\"https:\\\/\\\/sumptuous-events.com\\\/fr\\\/\",\"name\":\"Sumptuous Events\",\"description\":\"Luxury Paris Wedding Planner\",\"publisher\":{\"@id\":\"https:\\\/\\\/sumptuous-events.com\\\/fr\\\/#organization\"},\"potentialAction\":[{\"@type\":\"SearchAction\",\"target\":{\"@type\":\"EntryPoint\",\"urlTemplate\":\"https:\\\/\\\/sumptuous-events.com\\\/fr\\\/?s={search_term_string}\"},\"query-input\":{\"@type\":\"PropertyValueSpecification\",\"valueRequired\":true,\"valueName\":\"search_term_string\"}}],\"inLanguage\":\"fr-FR\"},{\"@type\":\"Organization\",\"@id\":\"https:\\\/\\\/sumptuous-events.com\\\/fr\\\/#organization\",\"name\":\"Sumptuous Events\",\"url\":\"https:\\\/\\\/sumptuous-events.com\\\/fr\\\/\",\"logo\":{\"@type\":\"ImageObject\",\"inLanguage\":\"fr-FR\",\"@id\":\"https:\\\/\\\/sumptuous-events.com\\\/fr\\\/#\\\/schema\\\/logo\\\/image\\\/\",\"url\":\"https:\\\/\\\/sumptuous-events.com\\\/wp-content\\\/uploads\\\/2019\\\/10\\\/sumptuous-events-logo.png\",\"contentUrl\":\"https:\\\/\\\/sumptuous-events.com\\\/wp-content\\\/uploads\\\/2019\\\/10\\\/sumptuous-events-logo.png\",\"width\":2000,\"height\":640,\"caption\":\"Sumptuous Events\"},\"image\":{\"@id\":\"https:\\\/\\\/sumptuous-events.com\\\/fr\\\/#\\\/schema\\\/logo\\\/image\\\/\"},\"sameAs\":[\"https:\\\/\\\/fr-fr.facebook.com\\\/pages\\\/category\\\/Product-Service\\\/Jean-Charles-vaneck-2124681674249472\\\/\",\"https:\\\/\\\/www.instagram.com\\\/jean_charles_vaneck\\\/?hl=fr\",\"https:\\\/\\\/fr.linkedin.com\\\/in\\\/jeancharlesvaneck\"]}]}<\/script>\n<!-- \/ Yoast SEO Premium plugin. -->","yoast_head_json":{"title":"Wedding Planner de Luxe \u00e0 Paris (#1 Le plus influent) - Sumptuous Events","description":"Sumptuous Events Paris - organisateur de mariages de luxe Paris fournit des services de production d'\u00e9v\u00e9nements de luxe, d'organisation de mariages et de d\u00e9coration florale.","robots":{"index":"index","follow":"follow","max-snippet":"max-snippet:-1","max-image-preview":"max-image-preview:large","max-video-preview":"max-video-preview:-1"},"canonical":"https:\/\/sumptuous-events.com\/fr\/","og_locale":"fr_FR","og_type":"article","og_title":"Paris Wedding Planner","og_description":"Sumptuous Events Paris - leading Luxury Wedding Planner Paris provides luxury event production, wedding planning services and floral design.","og_url":"https:\/\/sumptuous-events.com\/fr\/","og_site_name":"Sumptuous Events","article_publisher":"https:\/\/fr-fr.facebook.com\/pages\/category\/Product-Service\/Jean-Charles-vaneck-2124681674249472\/","article_modified_time":"2025-11-19T14:46:23+00:00","twitter_card":"summary_large_image","schema":{"@context":"https:\/\/schema.org","@graph":[{"@type":"WebPage","@id":"https:\/\/sumptuous-events.com\/","url":"https:\/\/sumptuous-events.com\/","name":"Wedding Planner de Luxe \u00e0 Paris (#1 Le plus influent) - Sumptuous Events","isPartOf":{"@id":"https:\/\/sumptuous-events.com\/fr\/#website"},"datePublished":"2019-01-27T17:04:34+00:00","dateModified":"2025-11-19T14:46:23+00:00","description":"Sumptuous Events Paris - organisateur de mariages de luxe Paris fournit des services de production d'\u00e9v\u00e9nements de luxe, d'organisation de mariages et de d\u00e9coration florale.","breadcrumb":{"@id":"https:\/\/sumptuous-events.com\/#breadcrumb"},"inLanguage":"fr-FR","potentialAction":[{"@type":"ReadAction","target":["https:\/\/sumptuous-events.com\/"]}]},{"@type":"BreadcrumbList","@id":"https:\/\/sumptuous-events.com\/#breadcrumb","itemListElement":[{"@type":"ListItem","position":1,"name":"Home","item":"https:\/\/sumptuous-events.com\/"},{"@type":"ListItem","position":2,"name":"Paris Wedding Planner"}]},{"@type":"WebSite","@id":"https:\/\/sumptuous-events.com\/fr\/#website","url":"https:\/\/sumptuous-events.com\/fr\/","name":"Sumptuous Events Paris - Wedding planner de luxe en France","description":"Organisateur de mariages de luxe \u00e0 Paris","publisher":{"@id":"https:\/\/sumptuous-events.com\/fr\/#organization"},"potentialAction":[{"@type":"SearchAction","target":{"@type":"EntryPoint","urlTemplate":"https:\/\/sumptuous-events.com\/fr\/?s={search_term_string}"},"query-input":{"@type":"PropertyValueSpecification","valueRequired":true,"valueName":"search_term_string"}}],"inLanguage":"fr-FR"},{"@type":"Organization","@id":"https:\/\/sumptuous-events.com\/fr\/#organization","name":"Sumptuous Events Paris - Wedding planner de luxe en France","url":"https:\/\/sumptuous-events.com\/fr\/","logo":{"@type":"ImageObject","inLanguage":"fr-FR","@id":"https:\/\/sumptuous-events.com\/fr\/#\/schema\/logo\/image\/","url":"https:\/\/sumptuous-events.com\/wp-content\/uploads\/2019\/10\/sumptuous-events-logo.png","contentUrl":"https:\/\/sumptuous-events.com\/wp-content\/uploads\/2019\/10\/sumptuous-events-logo.png","width":2000,"height":640,"caption":"Sumptuous Events"},"image":{"@id":"https:\/\/sumptuous-events.com\/fr\/#\/schema\/logo\/image\/"},"sameAs":["https:\/\/fr-fr.facebook.com\/pages\/category\/Product-Service\/Jean-Charles-vaneck-2124681674249472\/","https:\/\/www.instagram.com\/jean_charles_vaneck\/?hl=fr","https:\/\/fr.linkedin.com\/in\/jeancharlesvaneck"]}]}},"_links":{"self":[{"href":"https:\/\/sumptuous-events.com\/fr\/wp-json\/wp\/v2\/pages\/22","targetHints":{"allow":["GET"]}}],"collection":[{"href":"https:\/\/sumptuous-events.com\/fr\/wp-json\/wp\/v2\/pages"}],"about":[{"href":"https:\/\/sumptuous-events.com\/fr\/wp-json\/wp\/v2\/types\/page"}],"author":[{"embeddable":true,"href":"https:\/\/sumptuous-events.com\/fr\/wp-json\/wp\/v2\/users\/6"}],"replies":[{"embeddable":true,"href":"https:\/\/sumptuous-events.com\/fr\/wp-json\/wp\/v2\/comments?post=22"}],"version-history":[{"count":7,"href":"https:\/\/sumptuous-events.com\/fr\/wp-json\/wp\/v2\/pages\/22\/revisions"}],"predecessor-version":[{"id":7017,"href":"https:\/\/sumptuous-events.com\/fr\/wp-json\/wp\/v2\/pages\/22\/revisions\/7017"}],"wp:attachment":[{"href":"https:\/\/sumptuous-events.com\/fr\/wp-json\/wp\/v2\/media?parent=22"}],"curies":[{"name":"wp","href":"https:\/\/api.w.org\/{rel}","templated":true}]}}