{"id":7019,"date":"2020-03-25T15:08:49","date_gmt":"2020-03-25T15:08:49","guid":{"rendered":"https:\/\/sumptuous-events.com\/?page_id=7019"},"modified":"2025-06-15T19:24:12","modified_gmt":"2025-06-15T19:24:12","slug":"new-york-wedding-planner","status":"publish","type":"page","link":"https:\/\/sumptuous-events.com\/fr\/new-york-wedding-planner\/","title":{"rendered":"Organisateur de mariages \u00e0 New York"},"content":{"rendered":"","protected":false},"excerpt":{"rendered":"","protected":false},"author":2,"featured_media":0,"parent":0,"menu_order":0,"comment_status":"closed","ping_status":"closed","template":"template-parts\/page-services-lake-como.php","meta":{"_acf_changed":false,"footnotes":""},"class_list":["post-7019","page","type-page","status-publish","hentry"],"acf":[],"yoast_head":"<!-- This site is optimized with the Yoast SEO Premium plugin v27.1 (Yoast SEO v27.3) - https:\/\/yoast.com\/product\/yoast-seo-premium-wordpress\/ -->\n<title>Luxury Wedding Planner New York - Event Planner NYC<\/title>\n<meta name=\"description\" content=\"Crafting premier celebrations is our luxury wedding planner in New York speciality. Trust our luxury event planner NYC to bring your dream and contact us today.\" \/>\n<meta name=\"robots\" content=\"index, follow, max-snippet:-1, max-image-preview:large, max-video-preview:-1\" \/>\n<link rel=\"canonical\" href=\"https:\/\/sumptuous-events.com\/fr\/new-york-wedding-planner\/\" \/>\n<meta property=\"og:locale\" content=\"fr_FR\" \/>\n<meta property=\"og:type\" content=\"article\" \/>\n<meta property=\"og:title\" content=\"New York Wedding Planner\" \/>\n<meta property=\"og:description\" content=\"Crafting premier celebrations is our luxury wedding planner in New York speciality. Trust our luxury event planner NYC to bring your dream and contact us today.\" \/>\n<meta property=\"og:url\" content=\"https:\/\/sumptuous-events.com\/fr\/new-york-wedding-planner\/\" \/>\n<meta property=\"og:site_name\" content=\"Sumptuous Events\" \/>\n<meta property=\"article:publisher\" content=\"https:\/\/fr-fr.facebook.com\/pages\/category\/Product-Service\/Jean-Charles-vaneck-2124681674249472\/\" \/>\n<meta property=\"article:modified_time\" content=\"2025-06-15T19:24:12+00:00\" \/>\n<meta name=\"twitter:card\" content=\"summary_large_image\" \/>\n<script type=\"application\/ld+json\" class=\"yoast-schema-graph\">{\"@context\":\"https:\\\/\\\/schema.org\",\"@graph\":[{\"@type\":\"WebPage\",\"@id\":\"https:\\\/\\\/sumptuous-events.com\\\/new-york-wedding-planner\\\/\",\"url\":\"https:\\\/\\\/sumptuous-events.com\\\/new-york-wedding-planner\\\/\",\"name\":\"Luxury Wedding Planner New York - Event Planner NYC\",\"isPartOf\":{\"@id\":\"https:\\\/\\\/sumptuous-events.com\\\/fr\\\/#website\"},\"datePublished\":\"2020-03-25T15:08:49+00:00\",\"dateModified\":\"2025-06-15T19:24:12+00:00\",\"description\":\"Crafting premier celebrations is our luxury wedding planner in New York speciality. Trust our luxury event planner NYC to bring your dream and contact us today.\",\"breadcrumb\":{\"@id\":\"https:\\\/\\\/sumptuous-events.com\\\/new-york-wedding-planner\\\/#breadcrumb\"},\"inLanguage\":\"fr-FR\",\"potentialAction\":[{\"@type\":\"ReadAction\",\"target\":[\"https:\\\/\\\/sumptuous-events.com\\\/new-york-wedding-planner\\\/\"]}]},{\"@type\":\"BreadcrumbList\",\"@id\":\"https:\\\/\\\/sumptuous-events.com\\\/new-york-wedding-planner\\\/#breadcrumb\",\"itemListElement\":[{\"@type\":\"ListItem\",\"position\":1,\"name\":\"Home\",\"item\":\"https:\\\/\\\/sumptuous-events.com\\\/\"},{\"@type\":\"ListItem\",\"position\":2,\"name\":\"New York Wedding Planner\"}]},{\"@type\":\"WebSite\",\"@id\":\"https:\\\/\\\/sumptuous-events.com\\\/fr\\\/#website\",\"url\":\"https:\\\/\\\/sumptuous-events.com\\\/fr\\\/\",\"name\":\"Sumptuous Events\",\"description\":\"Luxury Paris Wedding Planner\",\"publisher\":{\"@id\":\"https:\\\/\\\/sumptuous-events.com\\\/fr\\\/#organization\"},\"potentialAction\":[{\"@type\":\"SearchAction\",\"target\":{\"@type\":\"EntryPoint\",\"urlTemplate\":\"https:\\\/\\\/sumptuous-events.com\\\/fr\\\/?s={search_term_string}\"},\"query-input\":{\"@type\":\"PropertyValueSpecification\",\"valueRequired\":true,\"valueName\":\"search_term_string\"}}],\"inLanguage\":\"fr-FR\"},{\"@type\":\"Organization\",\"@id\":\"https:\\\/\\\/sumptuous-events.com\\\/fr\\\/#organization\",\"name\":\"Sumptuous Events\",\"url\":\"https:\\\/\\\/sumptuous-events.com\\\/fr\\\/\",\"logo\":{\"@type\":\"ImageObject\",\"inLanguage\":\"fr-FR\",\"@id\":\"https:\\\/\\\/sumptuous-events.com\\\/fr\\\/#\\\/schema\\\/logo\\\/image\\\/\",\"url\":\"https:\\\/\\\/sumptuous-events.com\\\/wp-content\\\/uploads\\\/2019\\\/10\\\/sumptuous-events-logo.png\",\"contentUrl\":\"https:\\\/\\\/sumptuous-events.com\\\/wp-content\\\/uploads\\\/2019\\\/10\\\/sumptuous-events-logo.png\",\"width\":2000,\"height\":640,\"caption\":\"Sumptuous Events\"},\"image\":{\"@id\":\"https:\\\/\\\/sumptuous-events.com\\\/fr\\\/#\\\/schema\\\/logo\\\/image\\\/\"},\"sameAs\":[\"https:\\\/\\\/fr-fr.facebook.com\\\/pages\\\/category\\\/Product-Service\\\/Jean-Charles-vaneck-2124681674249472\\\/\",\"https:\\\/\\\/www.instagram.com\\\/jean_charles_vaneck\\\/?hl=fr\",\"https:\\\/\\\/fr.linkedin.com\\\/in\\\/jeancharlesvaneck\"]}]}<\/script>\n<!-- \/ Yoast SEO Premium plugin. -->","yoast_head_json":{"title":"Organisateur de mariages de luxe \u00e0 New York - Organisateur d'\u00e9v\u00e9nements \u00e0 New York","description":"L'organisation de c\u00e9l\u00e9brations de premier ordre est notre sp\u00e9cialit\u00e9 de planificateur de mariages de luxe \u00e0 New York. Faites confiance \u00e0 notre organisateur d'\u00e9v\u00e9nements de luxe \u00e0 New York pour r\u00e9aliser votre r\u00eave et contactez-nous d\u00e8s aujourd'hui.","robots":{"index":"index","follow":"follow","max-snippet":"max-snippet:-1","max-image-preview":"max-image-preview:large","max-video-preview":"max-video-preview:-1"},"canonical":"https:\/\/sumptuous-events.com\/fr\/new-york-wedding-planner\/","og_locale":"fr_FR","og_type":"article","og_title":"New York Wedding Planner","og_description":"Crafting premier celebrations is our luxury wedding planner in New York speciality. Trust our luxury event planner NYC to bring your dream and contact us today.","og_url":"https:\/\/sumptuous-events.com\/fr\/new-york-wedding-planner\/","og_site_name":"Sumptuous Events","article_publisher":"https:\/\/fr-fr.facebook.com\/pages\/category\/Product-Service\/Jean-Charles-vaneck-2124681674249472\/","article_modified_time":"2025-06-15T19:24:12+00:00","twitter_card":"summary_large_image","schema":{"@context":"https:\/\/schema.org","@graph":[{"@type":"WebPage","@id":"https:\/\/sumptuous-events.com\/new-york-wedding-planner\/","url":"https:\/\/sumptuous-events.com\/new-york-wedding-planner\/","name":"Organisateur de mariages de luxe \u00e0 New York - Organisateur d'\u00e9v\u00e9nements \u00e0 New York","isPartOf":{"@id":"https:\/\/sumptuous-events.com\/fr\/#website"},"datePublished":"2020-03-25T15:08:49+00:00","dateModified":"2025-06-15T19:24:12+00:00","description":"L'organisation de c\u00e9l\u00e9brations de premier ordre est notre sp\u00e9cialit\u00e9 de planificateur de mariages de luxe \u00e0 New York. Faites confiance \u00e0 notre organisateur d'\u00e9v\u00e9nements de luxe \u00e0 New York pour r\u00e9aliser votre r\u00eave et contactez-nous d\u00e8s aujourd'hui.","breadcrumb":{"@id":"https:\/\/sumptuous-events.com\/new-york-wedding-planner\/#breadcrumb"},"inLanguage":"fr-FR","potentialAction":[{"@type":"ReadAction","target":["https:\/\/sumptuous-events.com\/new-york-wedding-planner\/"]}]},{"@type":"BreadcrumbList","@id":"https:\/\/sumptuous-events.com\/new-york-wedding-planner\/#breadcrumb","itemListElement":[{"@type":"ListItem","position":1,"name":"Home","item":"https:\/\/sumptuous-events.com\/"},{"@type":"ListItem","position":2,"name":"New York Wedding Planner"}]},{"@type":"WebSite","@id":"https:\/\/sumptuous-events.com\/fr\/#website","url":"https:\/\/sumptuous-events.com\/fr\/","name":"Sumptuous Events Paris - Wedding planner de luxe en France","description":"Organisateur de mariages de luxe \u00e0 Paris","publisher":{"@id":"https:\/\/sumptuous-events.com\/fr\/#organization"},"potentialAction":[{"@type":"SearchAction","target":{"@type":"EntryPoint","urlTemplate":"https:\/\/sumptuous-events.com\/fr\/?s={search_term_string}"},"query-input":{"@type":"PropertyValueSpecification","valueRequired":true,"valueName":"search_term_string"}}],"inLanguage":"fr-FR"},{"@type":"Organization","@id":"https:\/\/sumptuous-events.com\/fr\/#organization","name":"Sumptuous Events Paris - Wedding planner de luxe en France","url":"https:\/\/sumptuous-events.com\/fr\/","logo":{"@type":"ImageObject","inLanguage":"fr-FR","@id":"https:\/\/sumptuous-events.com\/fr\/#\/schema\/logo\/image\/","url":"https:\/\/sumptuous-events.com\/wp-content\/uploads\/2019\/10\/sumptuous-events-logo.png","contentUrl":"https:\/\/sumptuous-events.com\/wp-content\/uploads\/2019\/10\/sumptuous-events-logo.png","width":2000,"height":640,"caption":"Sumptuous Events"},"image":{"@id":"https:\/\/sumptuous-events.com\/fr\/#\/schema\/logo\/image\/"},"sameAs":["https:\/\/fr-fr.facebook.com\/pages\/category\/Product-Service\/Jean-Charles-vaneck-2124681674249472\/","https:\/\/www.instagram.com\/jean_charles_vaneck\/?hl=fr","https:\/\/fr.linkedin.com\/in\/jeancharlesvaneck"]}]}},"_links":{"self":[{"href":"https:\/\/sumptuous-events.com\/fr\/wp-json\/wp\/v2\/pages\/7019","targetHints":{"allow":["GET"]}}],"collection":[{"href":"https:\/\/sumptuous-events.com\/fr\/wp-json\/wp\/v2\/pages"}],"about":[{"href":"https:\/\/sumptuous-events.com\/fr\/wp-json\/wp\/v2\/types\/page"}],"author":[{"embeddable":true,"href":"https:\/\/sumptuous-events.com\/fr\/wp-json\/wp\/v2\/users\/2"}],"replies":[{"embeddable":true,"href":"https:\/\/sumptuous-events.com\/fr\/wp-json\/wp\/v2\/comments?post=7019"}],"version-history":[{"count":24,"href":"https:\/\/sumptuous-events.com\/fr\/wp-json\/wp\/v2\/pages\/7019\/revisions"}],"predecessor-version":[{"id":12204,"href":"https:\/\/sumptuous-events.com\/fr\/wp-json\/wp\/v2\/pages\/7019\/revisions\/12204"}],"wp:attachment":[{"href":"https:\/\/sumptuous-events.com\/fr\/wp-json\/wp\/v2\/media?parent=7019"}],"curies":[{"name":"wp","href":"https:\/\/api.w.org\/{rel}","templated":true}]}}