{"id":7222,"date":"2020-05-06T12:35:53","date_gmt":"2020-05-06T12:35:53","guid":{"rendered":"https:\/\/sumptuous-events.com\/?page_id=7222"},"modified":"2025-11-22T09:10:04","modified_gmt":"2025-11-22T09:10:04","slug":"featured","status":"publish","type":"page","link":"https:\/\/sumptuous-events.com\/fr\/featured\/","title":{"rendered":"Lieux"},"content":{"rendered":"<div><span class=\"gold\">NOS LIEUX PR\u00c9F\u00c9R\u00c9S<\/span><\/div>\n<h2 style=\"text-align: center\">LIEUX DE LUXE PR\u00c9SENT\u00c9S<\/h2>\n<div class=\"columns cols-2\">\n<div class=\"col\">\n<div class=\"col-content-wrap\">\n<p class=\"justify\" style=\"text-align: justify\">Le choix du lieu de r\u00e9ception est l'un des aspects les plus importants de l'organisation de votre mariage. Des ch\u00e2teaux fran\u00e7ais embl\u00e9matiques aux mus\u00e9es, en passant par les yachts, les propri\u00e9t\u00e9s priv\u00e9es et certains des plus beaux h\u00f4tels du monde, Sumptuous Events, le meilleur organisateur de mariages en France, vous propose de choisir le lieu qui vous convient le mieux. <strong>France<\/strong>Nous avons planifi\u00e9, con\u00e7u et produit des mariages et des \u00e9v\u00e9nements de destination de luxe dans le monde entier. Nous avons fait une s\u00e9lection des plus belles destinations de mariage.<span class=\"Apple-converted-space\">\u00a0 <\/span>Chaque espace a \u00e9t\u00e9 choisi pour son esth\u00e9tisme unique et la splendeur de son domaine, garantissant une exp\u00e9rience inoubliable.<span class=\"Apple-converted-space\">\u00a0<\/span><\/p>\n<\/div>\n<\/div>\n<div class=\"col\">\n<div class=\"col-content-wrap\">\n<p class=\"p1 translation-block\" style=\"text-align: justify\"><span class=\"s1\">O\u00f9 que vous soyez dans le monde, nous vous offrons un <strong>acc\u00e8s VIP<\/strong> \u00e0 notre s\u00e9lection exclusive de lieux d\u2019exception, soigneusement r\u00e9pertori\u00e9s dans notre base de donn\u00e9es. L\u2019\u00e9quipe de <strong>Sumptuous Events<\/strong> ma\u00eetrise chaque aspect de ces espaces : leur potentiel, leur agencement et les transformations n\u00e9cessaires pour cr\u00e9er un d\u00e9cor \u00e0 la hauteur de vos r\u00eaves.\nL\u2019excellence de nos services, associ\u00e9e \u00e0 notre <strong>r\u00e9seau international in\u00e9gal\u00e9<\/strong> et \u00e0 nos <a href=\"https:\/\/wezoree.com\/vendors\/profile\/12132-sumptuous-events\/\" target=\"_self\"><strong>relations privil\u00e9gi\u00e9es<\/strong><\/a>, est la garantie d\u2019un \u00e9v\u00e9nement d\u2019exception, pens\u00e9 dans les moindres d\u00e9tails pour surpasser toutes vos attentes.<\/span><\/p>\n<\/div>\n<\/div>\n<\/div>","protected":false},"excerpt":{"rendered":"<p>OUR FAVORITES VENUES FEATURED LUXURY VENUES Choosing the right event &amp; wedding venue is one of the most important aspects of your wedding planning. From Iconic French castles to museums, yachts, private estate, and some [&hellip;]<\/p>\n","protected":false},"author":2,"featured_media":0,"parent":0,"menu_order":0,"comment_status":"closed","ping_status":"closed","template":"template-parts\/page-featured.php","meta":{"_acf_changed":false,"footnotes":""},"class_list":["post-7222","page","type-page","status-publish","hentry"],"acf":[],"yoast_head":"<!-- This site is optimized with the Yoast SEO Premium plugin v27.1 (Yoast SEO v27.3) - https:\/\/yoast.com\/product\/yoast-seo-premium-wordpress\/ -->\n<title>Luxury Wedding Venues in France, NYC, Miami, Paris, Lake Como.<\/title>\n<meta name=\"description\" content=\"A collection of wedding venues in Paris, France, NYC and Miami curated by the best wedding planner France. Start exploring!\" \/>\n<meta name=\"robots\" content=\"index, follow, max-snippet:-1, max-image-preview:large, max-video-preview:-1\" \/>\n<link rel=\"canonical\" href=\"https:\/\/sumptuous-events.com\/fr\/featured\/\" \/>\n<meta property=\"og:locale\" content=\"fr_FR\" \/>\n<meta property=\"og:type\" content=\"article\" \/>\n<meta property=\"og:title\" content=\"Venue\" \/>\n<meta property=\"og:description\" content=\"A collection of wedding venues in Paris, France, NYC and Miami curated by the best wedding planner France. Start exploring!\" \/>\n<meta property=\"og:url\" content=\"https:\/\/sumptuous-events.com\/fr\/featured\/\" \/>\n<meta property=\"og:site_name\" content=\"Sumptuous Events\" \/>\n<meta property=\"article:publisher\" content=\"https:\/\/fr-fr.facebook.com\/pages\/category\/Product-Service\/Jean-Charles-vaneck-2124681674249472\/\" \/>\n<meta property=\"article:modified_time\" content=\"2025-11-22T09:10:04+00:00\" \/>\n<meta name=\"twitter:card\" content=\"summary_large_image\" \/>\n<meta name=\"twitter:label1\" content=\"Dur\u00e9e de lecture estim\u00e9e\" \/>\n\t<meta name=\"twitter:data1\" content=\"1 minute\" \/>\n<script type=\"application\/ld+json\" class=\"yoast-schema-graph\">{\"@context\":\"https:\\\/\\\/schema.org\",\"@graph\":[{\"@type\":\"WebPage\",\"@id\":\"https:\\\/\\\/sumptuous-events.com\\\/featured\\\/\",\"url\":\"https:\\\/\\\/sumptuous-events.com\\\/featured\\\/\",\"name\":\"Luxury Wedding Venues in France, NYC, Miami, Paris, Lake Como.\",\"isPartOf\":{\"@id\":\"https:\\\/\\\/sumptuous-events.com\\\/fr\\\/#website\"},\"datePublished\":\"2020-05-06T12:35:53+00:00\",\"dateModified\":\"2025-11-22T09:10:04+00:00\",\"description\":\"A collection of wedding venues in Paris, France, NYC and Miami curated by the best wedding planner France. Start exploring!\",\"breadcrumb\":{\"@id\":\"https:\\\/\\\/sumptuous-events.com\\\/featured\\\/#breadcrumb\"},\"inLanguage\":\"fr-FR\",\"potentialAction\":[{\"@type\":\"ReadAction\",\"target\":[\"https:\\\/\\\/sumptuous-events.com\\\/featured\\\/\"]}]},{\"@type\":\"BreadcrumbList\",\"@id\":\"https:\\\/\\\/sumptuous-events.com\\\/featured\\\/#breadcrumb\",\"itemListElement\":[{\"@type\":\"ListItem\",\"position\":1,\"name\":\"Home\",\"item\":\"https:\\\/\\\/sumptuous-events.com\\\/\"},{\"@type\":\"ListItem\",\"position\":2,\"name\":\"Venue\"}]},{\"@type\":\"WebSite\",\"@id\":\"https:\\\/\\\/sumptuous-events.com\\\/fr\\\/#website\",\"url\":\"https:\\\/\\\/sumptuous-events.com\\\/fr\\\/\",\"name\":\"Sumptuous Events\",\"description\":\"Luxury Paris Wedding Planner\",\"publisher\":{\"@id\":\"https:\\\/\\\/sumptuous-events.com\\\/fr\\\/#organization\"},\"potentialAction\":[{\"@type\":\"SearchAction\",\"target\":{\"@type\":\"EntryPoint\",\"urlTemplate\":\"https:\\\/\\\/sumptuous-events.com\\\/fr\\\/?s={search_term_string}\"},\"query-input\":{\"@type\":\"PropertyValueSpecification\",\"valueRequired\":true,\"valueName\":\"search_term_string\"}}],\"inLanguage\":\"fr-FR\"},{\"@type\":\"Organization\",\"@id\":\"https:\\\/\\\/sumptuous-events.com\\\/fr\\\/#organization\",\"name\":\"Sumptuous Events\",\"url\":\"https:\\\/\\\/sumptuous-events.com\\\/fr\\\/\",\"logo\":{\"@type\":\"ImageObject\",\"inLanguage\":\"fr-FR\",\"@id\":\"https:\\\/\\\/sumptuous-events.com\\\/fr\\\/#\\\/schema\\\/logo\\\/image\\\/\",\"url\":\"https:\\\/\\\/sumptuous-events.com\\\/wp-content\\\/uploads\\\/2019\\\/10\\\/sumptuous-events-logo.png\",\"contentUrl\":\"https:\\\/\\\/sumptuous-events.com\\\/wp-content\\\/uploads\\\/2019\\\/10\\\/sumptuous-events-logo.png\",\"width\":2000,\"height\":640,\"caption\":\"Sumptuous Events\"},\"image\":{\"@id\":\"https:\\\/\\\/sumptuous-events.com\\\/fr\\\/#\\\/schema\\\/logo\\\/image\\\/\"},\"sameAs\":[\"https:\\\/\\\/fr-fr.facebook.com\\\/pages\\\/category\\\/Product-Service\\\/Jean-Charles-vaneck-2124681674249472\\\/\",\"https:\\\/\\\/www.instagram.com\\\/jean_charles_vaneck\\\/?hl=fr\",\"https:\\\/\\\/fr.linkedin.com\\\/in\\\/jeancharlesvaneck\"]}]}<\/script>\n<!-- \/ Yoast SEO Premium plugin. -->","yoast_head_json":{"title":"Lieux de mariage de luxe en France, NYC, Miami, Paris, Lac de C\u00f4me.","description":"Une collection de lieux de mariage \u00e0 Paris, en France, \u00e0 New York et \u00e0 Miami, s\u00e9lectionn\u00e9s par le meilleur organisateur de mariage de France. Commencez \u00e0 explorer !","robots":{"index":"index","follow":"follow","max-snippet":"max-snippet:-1","max-image-preview":"max-image-preview:large","max-video-preview":"max-video-preview:-1"},"canonical":"https:\/\/sumptuous-events.com\/fr\/featured\/","og_locale":"fr_FR","og_type":"article","og_title":"Venue","og_description":"A collection of wedding venues in Paris, France, NYC and Miami curated by the best wedding planner France. Start exploring!","og_url":"https:\/\/sumptuous-events.com\/fr\/featured\/","og_site_name":"Sumptuous Events","article_publisher":"https:\/\/fr-fr.facebook.com\/pages\/category\/Product-Service\/Jean-Charles-vaneck-2124681674249472\/","article_modified_time":"2025-11-22T09:10:04+00:00","twitter_card":"summary_large_image","twitter_misc":{"Dur\u00e9e de lecture estim\u00e9e":"1 minute"},"schema":{"@context":"https:\/\/schema.org","@graph":[{"@type":"WebPage","@id":"https:\/\/sumptuous-events.com\/featured\/","url":"https:\/\/sumptuous-events.com\/featured\/","name":"Lieux de mariage de luxe en France, NYC, Miami, Paris, Lac de C\u00f4me.","isPartOf":{"@id":"https:\/\/sumptuous-events.com\/fr\/#website"},"datePublished":"2020-05-06T12:35:53+00:00","dateModified":"2025-11-22T09:10:04+00:00","description":"Une collection de lieux de mariage \u00e0 Paris, en France, \u00e0 New York et \u00e0 Miami, s\u00e9lectionn\u00e9s par le meilleur organisateur de mariage de France. Commencez \u00e0 explorer !","breadcrumb":{"@id":"https:\/\/sumptuous-events.com\/featured\/#breadcrumb"},"inLanguage":"fr-FR","potentialAction":[{"@type":"ReadAction","target":["https:\/\/sumptuous-events.com\/featured\/"]}]},{"@type":"BreadcrumbList","@id":"https:\/\/sumptuous-events.com\/featured\/#breadcrumb","itemListElement":[{"@type":"ListItem","position":1,"name":"Home","item":"https:\/\/sumptuous-events.com\/"},{"@type":"ListItem","position":2,"name":"Venue"}]},{"@type":"WebSite","@id":"https:\/\/sumptuous-events.com\/fr\/#website","url":"https:\/\/sumptuous-events.com\/fr\/","name":"Sumptuous Events Paris - Wedding planner de luxe en France","description":"Organisateur de mariages de luxe \u00e0 Paris","publisher":{"@id":"https:\/\/sumptuous-events.com\/fr\/#organization"},"potentialAction":[{"@type":"SearchAction","target":{"@type":"EntryPoint","urlTemplate":"https:\/\/sumptuous-events.com\/fr\/?s={search_term_string}"},"query-input":{"@type":"PropertyValueSpecification","valueRequired":true,"valueName":"search_term_string"}}],"inLanguage":"fr-FR"},{"@type":"Organization","@id":"https:\/\/sumptuous-events.com\/fr\/#organization","name":"Sumptuous Events Paris - Wedding planner de luxe en France","url":"https:\/\/sumptuous-events.com\/fr\/","logo":{"@type":"ImageObject","inLanguage":"fr-FR","@id":"https:\/\/sumptuous-events.com\/fr\/#\/schema\/logo\/image\/","url":"https:\/\/sumptuous-events.com\/wp-content\/uploads\/2019\/10\/sumptuous-events-logo.png","contentUrl":"https:\/\/sumptuous-events.com\/wp-content\/uploads\/2019\/10\/sumptuous-events-logo.png","width":2000,"height":640,"caption":"Sumptuous Events"},"image":{"@id":"https:\/\/sumptuous-events.com\/fr\/#\/schema\/logo\/image\/"},"sameAs":["https:\/\/fr-fr.facebook.com\/pages\/category\/Product-Service\/Jean-Charles-vaneck-2124681674249472\/","https:\/\/www.instagram.com\/jean_charles_vaneck\/?hl=fr","https:\/\/fr.linkedin.com\/in\/jeancharlesvaneck"]}]}},"_links":{"self":[{"href":"https:\/\/sumptuous-events.com\/fr\/wp-json\/wp\/v2\/pages\/7222","targetHints":{"allow":["GET"]}}],"collection":[{"href":"https:\/\/sumptuous-events.com\/fr\/wp-json\/wp\/v2\/pages"}],"about":[{"href":"https:\/\/sumptuous-events.com\/fr\/wp-json\/wp\/v2\/types\/page"}],"author":[{"embeddable":true,"href":"https:\/\/sumptuous-events.com\/fr\/wp-json\/wp\/v2\/users\/2"}],"replies":[{"embeddable":true,"href":"https:\/\/sumptuous-events.com\/fr\/wp-json\/wp\/v2\/comments?post=7222"}],"version-history":[{"count":136,"href":"https:\/\/sumptuous-events.com\/fr\/wp-json\/wp\/v2\/pages\/7222\/revisions"}],"predecessor-version":[{"id":12400,"href":"https:\/\/sumptuous-events.com\/fr\/wp-json\/wp\/v2\/pages\/7222\/revisions\/12400"}],"wp:attachment":[{"href":"https:\/\/sumptuous-events.com\/fr\/wp-json\/wp\/v2\/media?parent=7222"}],"curies":[{"name":"wp","href":"https:\/\/api.w.org\/{rel}","templated":true}]}}