{"id":9686,"date":"2021-12-21T15:30:34","date_gmt":"2021-12-21T15:30:34","guid":{"rendered":"https:\/\/sumptuous-events.com\/?page_id=9686"},"modified":"2024-05-07T09:18:13","modified_gmt":"2024-05-07T09:18:13","slug":"mention-legales","status":"publish","type":"page","link":"https:\/\/sumptuous-events.com\/fr\/mention-legales\/","title":{"rendered":"Mentions l\u00e9gales"},"content":{"rendered":"<div class=\"legal-notice-main\">\n<div class=\"container\">\n<h1>Avis juridique<\/h1>\n<p>Derni\u00e8re mise \u00e0 jour le 07 mai 2024<\/p>\n<h2>R\u00e9dacteur du site web<\/h2>\n<p>Le site www.sumptuous-events.com est \u00e9dit\u00e9 par SUMPTUOUS DESIGN Heritage, Kft 2073 T\u00f6k, F\u0151 utca 1, Budapest 1011.<\/p>\n<p>* Adresse : The SUMPTUOUS DESIGN Heritage Kft 2073 T\u00f6k, F\u0151 utca 1, Budapest 1011<br \/>\n* Num\u00e9ro d'enregistrement : 13-09-230461<br \/>\n* Num\u00e9ro de TVA : HU32411612<br \/>\n* Courriel : contact@sumptuous-events.com<br \/>\n* H\u00e9bergement de sites web : Liquid Web LLC<\/p>\n<p>Le site web www.sumptuous-events.com est h\u00e9berg\u00e9 par Liquid Web, dont le si\u00e8ge social est situ\u00e9 \u00e0 Liquid Web, LLC , 2703 Ena Drive , Lansing, MI 48917-8585, \u00c9tats-Unis, Tax ID : 38-3423459.<\/p>\n<h2>Propri\u00e9t\u00e9 intellectuelle<\/h2>\n<p>Tous les contenus disponibles sur le site de Sumptuous Events, y compris les textes, photos, vid\u00e9os, visuels, logos et noms de domaine sont la propri\u00e9t\u00e9 exclusive de Sumptuous Events, de ses partenaires et de ses clients. Ils ne peuvent \u00eatre copi\u00e9s, t\u00e9l\u00e9charg\u00e9s, modifi\u00e9s ou utilis\u00e9s de quelque mani\u00e8re que ce soit, sur quelque support que ce soit, en tout ou partie, sans l'accord pr\u00e9alable \u00e9crit de Sumptuous Events, \u00e0 l'exception d'un usage presse uniquement, sous r\u00e9serve d'en informer pr\u00e9alablement Sumptuous Events et de respecter les droits de propri\u00e9t\u00e9 intellectuelle. Sumptuous Events sont des marques d\u00e9pos\u00e9es, propri\u00e9t\u00e9 exclusive de Jean Charles Vaneck.<\/p>\n<h2>Protection des donn\u00e9es personnelles<\/h2>\n<p>Sumptuous Events collecte et traite les donn\u00e9es personnelles fournies par les utilisateurs du site web via le formulaire de contact, conform\u00e9ment aux lois et r\u00e8glements applicables et \u00e0 sa politique de confidentialit\u00e9. Les utilisateurs ont le droit d'acc\u00e9der aux donn\u00e9es les concernant et d'en demander la rectification. Les utilisateurs ont \u00e9galement le droit de s'opposer au traitement de leurs donn\u00e9es personnelles pour des motifs l\u00e9gitimes. Ces droits peuvent \u00eatre exerc\u00e9s par<br \/>\ncontacter Sumptuous Events contact@sumptuous-events.com.<\/p>\n<h2>Contenu et liens vers des sites web de tiers<\/h2>\n<p>Ce site web peut contenir des informations fournies par des tiers ou des liens vers d'autres sites web qui n'ont pas \u00e9t\u00e9 d\u00e9velopp\u00e9s par Sumptuous Events. L'existence d'un lien entre ce site web et d'autres sites web n'implique pas une validation du contenu de ces sites web. Sumptuous Events n'est pas responsable du contenu des autres sites web.<\/p>\n<h2>Clause de non-responsabilit\u00e9<\/h2>\n<p>Le site web de Sumptuous Events fournit des informations g\u00e9n\u00e9rales sur les produits et services de Sumptuous Events. Sumptuous Events n'est pas responsable des erreurs ou omissions contenues sur le site. Sumptuous Events peut, \u00e0 tout moment, suspendre temporairement ou d\u00e9finitivement l'acc\u00e8s \u00e0 tout ou partie de ce site web. Sumptuous Events ne sera pas responsable de toute suspension ou suppression de l'acc\u00e8s \u00e0 ce site ou de toute modification de son contenu. Les utilisateurs sont inform\u00e9s des risques inh\u00e9rents \u00e0 l'utilisation des r\u00e9seaux de communication \u00e9lectronique. Sumptuous Events ne peut \u00eatre tenu responsable de tout dommage r\u00e9sultant d'une connexion au site et de l'utilisation du site. Il appartient aux utilisateurs de prendre toutes les mesures appropri\u00e9es de fa\u00e7on \u00e0 s\u00e9curiser leur connexion \u00e0 Internet et \u00e0 prot\u00e9ger leurs donn\u00e9es, ordinateurs et syst\u00e8mes contre tout risque de contamination par des virus informatiques et contre toute tentative d'intrusion d'un tiers.<\/p>\n<\/div>\n<\/div>","protected":false},"excerpt":{"rendered":"<p>Legal Notice Last updated on May 07, 2024 Website Editor The website www.sumptuous-events.com is edited by SUMPTUOUS DESIGN Heritage, Kft 2073 T\u00f6k, F\u0151 utca 1, Budapest 1011. * Address: The SUMPTUOUS DESIGN Heritage Kft 2073 [&hellip;]<\/p>\n","protected":false},"author":6,"featured_media":0,"parent":0,"menu_order":0,"comment_status":"closed","ping_status":"closed","template":"","meta":{"_acf_changed":false,"footnotes":""},"class_list":["post-9686","page","type-page","status-publish","hentry"],"acf":[],"yoast_head":"<!-- This site is optimized with the Yoast SEO Premium plugin v27.1 (Yoast SEO v27.4) - https:\/\/yoast.com\/product\/yoast-seo-premium-wordpress\/ -->\n<title>Mention legales - Sumptuous Events<\/title>\n<meta name=\"robots\" content=\"index, follow, max-snippet:-1, max-image-preview:large, max-video-preview:-1\" \/>\n<link rel=\"canonical\" href=\"https:\/\/sumptuous-events.com\/fr\/mention-legales\/\" \/>\n<meta property=\"og:locale\" content=\"fr_FR\" \/>\n<meta property=\"og:type\" content=\"article\" \/>\n<meta property=\"og:title\" content=\"Mention legales\" \/>\n<meta property=\"og:description\" content=\"Legal Notice Last updated on May 07, 2024 Website Editor The website www.sumptuous-events.com is edited by SUMPTUOUS DESIGN Heritage, Kft 2073 T\u00f6k, F\u0151 utca 1, Budapest 1011. * Address: The SUMPTUOUS DESIGN Heritage Kft 2073 [&hellip;]\" \/>\n<meta property=\"og:url\" content=\"https:\/\/sumptuous-events.com\/fr\/mention-legales\/\" \/>\n<meta property=\"og:site_name\" content=\"Sumptuous Events\" \/>\n<meta property=\"article:publisher\" content=\"https:\/\/fr-fr.facebook.com\/pages\/category\/Product-Service\/Jean-Charles-vaneck-2124681674249472\/\" \/>\n<meta property=\"article:modified_time\" content=\"2024-05-07T09:18:13+00:00\" \/>\n<meta name=\"twitter:card\" content=\"summary_large_image\" \/>\n<meta name=\"twitter:label1\" content=\"Dur\u00e9e de lecture estim\u00e9e\" \/>\n\t<meta name=\"twitter:data1\" content=\"3 minutes\" \/>\n<script type=\"application\/ld+json\" class=\"yoast-schema-graph\">{\"@context\":\"https:\\\/\\\/schema.org\",\"@graph\":[{\"@type\":\"WebPage\",\"@id\":\"https:\\\/\\\/sumptuous-events.com\\\/mention-legales\\\/\",\"url\":\"https:\\\/\\\/sumptuous-events.com\\\/mention-legales\\\/\",\"name\":\"Mention legales - Sumptuous Events\",\"isPartOf\":{\"@id\":\"https:\\\/\\\/sumptuous-events.com\\\/fr\\\/#website\"},\"datePublished\":\"2021-12-21T15:30:34+00:00\",\"dateModified\":\"2024-05-07T09:18:13+00:00\",\"breadcrumb\":{\"@id\":\"https:\\\/\\\/sumptuous-events.com\\\/mention-legales\\\/#breadcrumb\"},\"inLanguage\":\"fr-FR\",\"potentialAction\":[{\"@type\":\"ReadAction\",\"target\":[\"https:\\\/\\\/sumptuous-events.com\\\/mention-legales\\\/\"]}]},{\"@type\":\"BreadcrumbList\",\"@id\":\"https:\\\/\\\/sumptuous-events.com\\\/mention-legales\\\/#breadcrumb\",\"itemListElement\":[{\"@type\":\"ListItem\",\"position\":1,\"name\":\"Home\",\"item\":\"https:\\\/\\\/sumptuous-events.com\\\/\"},{\"@type\":\"ListItem\",\"position\":2,\"name\":\"Mention legales\"}]},{\"@type\":\"WebSite\",\"@id\":\"https:\\\/\\\/sumptuous-events.com\\\/fr\\\/#website\",\"url\":\"https:\\\/\\\/sumptuous-events.com\\\/fr\\\/\",\"name\":\"Sumptuous Events\",\"description\":\"Luxury Paris Wedding Planner\",\"publisher\":{\"@id\":\"https:\\\/\\\/sumptuous-events.com\\\/fr\\\/#organization\"},\"potentialAction\":[{\"@type\":\"SearchAction\",\"target\":{\"@type\":\"EntryPoint\",\"urlTemplate\":\"https:\\\/\\\/sumptuous-events.com\\\/fr\\\/?s={search_term_string}\"},\"query-input\":{\"@type\":\"PropertyValueSpecification\",\"valueRequired\":true,\"valueName\":\"search_term_string\"}}],\"inLanguage\":\"fr-FR\"},{\"@type\":\"Organization\",\"@id\":\"https:\\\/\\\/sumptuous-events.com\\\/fr\\\/#organization\",\"name\":\"Sumptuous Events\",\"url\":\"https:\\\/\\\/sumptuous-events.com\\\/fr\\\/\",\"logo\":{\"@type\":\"ImageObject\",\"inLanguage\":\"fr-FR\",\"@id\":\"https:\\\/\\\/sumptuous-events.com\\\/fr\\\/#\\\/schema\\\/logo\\\/image\\\/\",\"url\":\"https:\\\/\\\/sumptuous-events.com\\\/wp-content\\\/uploads\\\/2019\\\/10\\\/sumptuous-events-logo.png\",\"contentUrl\":\"https:\\\/\\\/sumptuous-events.com\\\/wp-content\\\/uploads\\\/2019\\\/10\\\/sumptuous-events-logo.png\",\"width\":2000,\"height\":640,\"caption\":\"Sumptuous Events\"},\"image\":{\"@id\":\"https:\\\/\\\/sumptuous-events.com\\\/fr\\\/#\\\/schema\\\/logo\\\/image\\\/\"},\"sameAs\":[\"https:\\\/\\\/fr-fr.facebook.com\\\/pages\\\/category\\\/Product-Service\\\/Jean-Charles-vaneck-2124681674249472\\\/\",\"https:\\\/\\\/www.instagram.com\\\/jean_charles_vaneck\\\/?hl=fr\",\"https:\\\/\\\/fr.linkedin.com\\\/in\\\/jeancharlesvaneck\"]}]}<\/script>\n<!-- \/ Yoast SEO Premium plugin. -->","yoast_head_json":{"title":"Mentions l\u00e9gales - Sumptuous Events","robots":{"index":"index","follow":"follow","max-snippet":"max-snippet:-1","max-image-preview":"max-image-preview:large","max-video-preview":"max-video-preview:-1"},"canonical":"https:\/\/sumptuous-events.com\/fr\/mention-legales\/","og_locale":"fr_FR","og_type":"article","og_title":"Mention legales","og_description":"Legal Notice Last updated on May 07, 2024 Website Editor The website www.sumptuous-events.com is edited by SUMPTUOUS DESIGN Heritage, Kft 2073 T\u00f6k, F\u0151 utca 1, Budapest 1011. * Address: The SUMPTUOUS DESIGN Heritage Kft 2073 [&hellip;]","og_url":"https:\/\/sumptuous-events.com\/fr\/mention-legales\/","og_site_name":"Sumptuous Events","article_publisher":"https:\/\/fr-fr.facebook.com\/pages\/category\/Product-Service\/Jean-Charles-vaneck-2124681674249472\/","article_modified_time":"2024-05-07T09:18:13+00:00","twitter_card":"summary_large_image","twitter_misc":{"Dur\u00e9e de lecture estim\u00e9e":"3 minutes"},"schema":{"@context":"https:\/\/schema.org","@graph":[{"@type":"WebPage","@id":"https:\/\/sumptuous-events.com\/mention-legales\/","url":"https:\/\/sumptuous-events.com\/mention-legales\/","name":"Mentions l\u00e9gales - Sumptuous Events","isPartOf":{"@id":"https:\/\/sumptuous-events.com\/fr\/#website"},"datePublished":"2021-12-21T15:30:34+00:00","dateModified":"2024-05-07T09:18:13+00:00","breadcrumb":{"@id":"https:\/\/sumptuous-events.com\/mention-legales\/#breadcrumb"},"inLanguage":"fr-FR","potentialAction":[{"@type":"ReadAction","target":["https:\/\/sumptuous-events.com\/mention-legales\/"]}]},{"@type":"BreadcrumbList","@id":"https:\/\/sumptuous-events.com\/mention-legales\/#breadcrumb","itemListElement":[{"@type":"ListItem","position":1,"name":"Home","item":"https:\/\/sumptuous-events.com\/"},{"@type":"ListItem","position":2,"name":"Mention legales"}]},{"@type":"WebSite","@id":"https:\/\/sumptuous-events.com\/fr\/#website","url":"https:\/\/sumptuous-events.com\/fr\/","name":"Sumptuous Events Paris - Wedding planner de luxe en France","description":"Organisateur de mariages de luxe \u00e0 Paris","publisher":{"@id":"https:\/\/sumptuous-events.com\/fr\/#organization"},"potentialAction":[{"@type":"SearchAction","target":{"@type":"EntryPoint","urlTemplate":"https:\/\/sumptuous-events.com\/fr\/?s={search_term_string}"},"query-input":{"@type":"PropertyValueSpecification","valueRequired":true,"valueName":"search_term_string"}}],"inLanguage":"fr-FR"},{"@type":"Organization","@id":"https:\/\/sumptuous-events.com\/fr\/#organization","name":"Sumptuous Events Paris - Wedding planner de luxe en France","url":"https:\/\/sumptuous-events.com\/fr\/","logo":{"@type":"ImageObject","inLanguage":"fr-FR","@id":"https:\/\/sumptuous-events.com\/fr\/#\/schema\/logo\/image\/","url":"https:\/\/sumptuous-events.com\/wp-content\/uploads\/2019\/10\/sumptuous-events-logo.png","contentUrl":"https:\/\/sumptuous-events.com\/wp-content\/uploads\/2019\/10\/sumptuous-events-logo.png","width":2000,"height":640,"caption":"Sumptuous Events"},"image":{"@id":"https:\/\/sumptuous-events.com\/fr\/#\/schema\/logo\/image\/"},"sameAs":["https:\/\/fr-fr.facebook.com\/pages\/category\/Product-Service\/Jean-Charles-vaneck-2124681674249472\/","https:\/\/www.instagram.com\/jean_charles_vaneck\/?hl=fr","https:\/\/fr.linkedin.com\/in\/jeancharlesvaneck"]}]}},"_links":{"self":[{"href":"https:\/\/sumptuous-events.com\/fr\/wp-json\/wp\/v2\/pages\/9686","targetHints":{"allow":["GET"]}}],"collection":[{"href":"https:\/\/sumptuous-events.com\/fr\/wp-json\/wp\/v2\/pages"}],"about":[{"href":"https:\/\/sumptuous-events.com\/fr\/wp-json\/wp\/v2\/types\/page"}],"author":[{"embeddable":true,"href":"https:\/\/sumptuous-events.com\/fr\/wp-json\/wp\/v2\/users\/6"}],"replies":[{"embeddable":true,"href":"https:\/\/sumptuous-events.com\/fr\/wp-json\/wp\/v2\/comments?post=9686"}],"version-history":[{"count":16,"href":"https:\/\/sumptuous-events.com\/fr\/wp-json\/wp\/v2\/pages\/9686\/revisions"}],"predecessor-version":[{"id":11306,"href":"https:\/\/sumptuous-events.com\/fr\/wp-json\/wp\/v2\/pages\/9686\/revisions\/11306"}],"wp:attachment":[{"href":"https:\/\/sumptuous-events.com\/fr\/wp-json\/wp\/v2\/media?parent=9686"}],"curies":[{"name":"wp","href":"https:\/\/api.w.org\/{rel}","templated":true}]}}